{"id":561,"date":"2020-06-03T15:59:22","date_gmt":"2020-06-03T13:59:22","guid":{"rendered":"https:\/\/fassadenschmiede.com\/?page_id=561"},"modified":"2020-06-09T10:54:19","modified_gmt":"2020-06-09T08:54:19","slug":"impressum","status":"publish","type":"page","link":"https:\/\/fassadenschmiede.com\/en\/impressum\/","title":{"rendered":"Imprint"},"content":{"rendered":"<p>[vc_row row_type=&#8221;row&#8221; use_row_as_full_screen_section=&#8221;no&#8221; type=&#8221;full_width&#8221; text_align=&#8221;left&#8221; background_animation=&#8221;none&#8221; css_animation=&#8221;&#8221; el_class=&#8221;abstand-mobil&#8221;][vc_column][vc_empty_space height=&#8221;80px&#8221;][vc_row_inner row_type=&#8221;row&#8221; type=&#8221;full_width&#8221; use_row_as_full_screen_section_slide=&#8221;no&#8221; text_align=&#8221;left&#8221; css_animation=&#8221;&#8221;][vc_column_inner width=&#8221;1\/12&#8243;][\/vc_column_inner][vc_column_inner width=&#8221;1\/4&#8243;][vc_column_text]<\/p>\n<h2><strong>Imprint<\/strong><\/h2>\n<p>[\/vc_column_text][vc_empty_space][\/vc_column_inner][vc_column_inner width=&#8221;1\/4&#8243;][vc_column_text]<strong>Fassadenschmiede GmbH &amp; Co. KG<\/strong><br \/>\nWilhelm-Hauff-Str. 42<br \/>\nD-74906 Bad Rappenau-F\u00fcrfeld[\/vc_column_text][vc_empty_space][vc_column_text]Phone:<strong> +49 7066\/91504-250<\/strong><br \/>\nTelefax: <strong>+49 7066\/91504-290<\/strong><br \/>\nE-Mail:<strong>\u00a0<span id=\"cloak82437\"><a href=\"mailto:info@fassadenschmiede.com\">info@fassadenschmiede.com<\/a><\/span><\/strong>[\/vc_column_text][vc_empty_space][\/vc_column_inner][vc_column_inner width=&#8221;1\/4&#8243;][vc_column_text]Managing directors authorized to represent: <strong>Volker Reinhardt, Simon Reinhardt<\/strong>[\/vc_column_text][vc_empty_space][vc_column_text]Register Court: <strong>District Court Stuttgart<\/strong><br \/>\nRegister number: <strong>HRB 751252<\/strong>[\/vc_column_text][vc_empty_space][vc_column_text]Sales tax identification number according to \u00a7 27a sales tax law:<br \/>\n<strong>DE 298558539<\/strong>[\/vc_column_text][vc_empty_space][\/vc_column_inner][vc_column_inner width=&#8221;2\/12&#8243;][\/vc_column_inner][\/vc_row_inner][vc_empty_space height=&#8221;80px&#8221;][\/vc_column][\/vc_row][vc_row row_type=&#8221;row&#8221; use_row_as_full_screen_section=&#8221;no&#8221; type=&#8221;full_width&#8221; text_align=&#8221;left&#8221; background_animation=&#8221;none&#8221; css_animation=&#8221;&#8221; el_class=&#8221;abstand-mobil&#8221;][vc_column width=&#8221;1\/12&#8243;][\/vc_column][vc_column width=&#8221;10\/12&#8243; offset=&#8221;vc_hidden-sm vc_hidden-xs&#8221;][vc_tabs style=&#8221;vertical_left&#8221;][vc_tab title=&#8221;Content of the online offer&#8221; tab_id=&#8221;8aa4201a-735d-6&#8243;][vc_row_inner row_type=&#8221;row&#8221; type=&#8221;full_width&#8221; use_row_as_full_screen_section_slide=&#8221;no&#8221; text_align=&#8221;left&#8221; css_animation=&#8221;&#8221;][vc_column_inner][vc_column_text]Fassadenschmiede GmbH &amp; Co. KG reserves the right not to be responsible for the topicality, correctness, completeness or quality of the information provided. Liability claims against Fassadenschmiede GmbH &amp; Co. KG, which refer to material or non-material damage caused by the use or non-use of the information provided or by the use of incorrect or incomplete information, are excluded as a matter of principle, provided that there is no demonstrable fault on the part of Fassadenschmiede GmbH &amp; Co. KG is not demonstrably guilty of deliberate or gross negligence. All offers are subject to change and non-binding. Fassadenschmiede GmbH &amp; Co. KG expressly reserves the right to change, supplement or delete parts of the pages or the entire offer without special notice or to cease publication temporarily or permanently.[\/vc_column_text][vc_empty_space height=&#8221;50px&#8221;][\/vc_column_inner][\/vc_row_inner][\/vc_tab][vc_tab title=&#8221;References, notes&#8221; tab_id=&#8221;9a58411e-9711-10&#8243;][vc_row_inner row_type=&#8221;row&#8221; type=&#8221;full_width&#8221; use_row_as_full_screen_section_slide=&#8221;no&#8221; text_align=&#8221;left&#8221; css_animation=&#8221;&#8221;][vc_column_inner][vc_column_text]In the case of direct or indirect references to external websites (&#8220;hyperlinks&#8221;) which are outside the area of responsibility of Fassadenschmiede GmbH &amp; Co. KG, a liability obligation would only come into force in the event that Fassadenschmiede GmbH &amp; Co. KG has knowledge of the content and it would be technically possible and reasonable for it to prevent use in the event of illegal content. Reinhardt GmbH hereby expressly declares that at the time the links were created, no illegal content was discernible on the linked pages. Fassadenschmiede GmbH &amp; Co. Reinhardt GmbH has no influence on the current and future design, content or authorship of the linked pages. KG has no influence whatsoever on the current and future design, content or authorship of the linked pages. For this reason, it hereby expressly distances itself from all content of all linked pages that have been changed since the link was created. This statement applies to all links and references set within the company&#8217;s own Internet offer and to all entries made by third parties in the websites of Fassadenschmiede GmbH &amp; Co. KG guest books, discussion forums, link directories, mailing lists and all other forms of databases to which external write access is possible. For illegal, incorrect or incomplete contents and in particular for damages resulting from the use or non-use of such information, the provider of the page to which reference is made shall be solely liable, and not the person who merely refers to the respective publication via links.[\/vc_column_text][vc_empty_space height=&#8221;50px&#8221;][\/vc_column_inner][\/vc_row_inner][\/vc_tab][vc_tab title=&#8221;Copyright and trademark&#8221; tab_id=&#8221;1568791426560-2-9&#8243;][vc_row_inner row_type=&#8221;row&#8221; type=&#8221;full_width&#8221; use_row_as_full_screen_section_slide=&#8221;no&#8221; text_align=&#8221;left&#8221; css_animation=&#8221;&#8221;][vc_column_inner][vc_column_text]Fassadenschmiede GmbH &amp;. Co. KG endeavours to observe the copyrights of the images, graphics, sound documents, video sequences and texts used in all publications, to use images, graphics, sound documents, video sequences and texts created by itself or to use licence-free graphics, sound documents, video sequences and texts. All brand names and trademarks mentioned within the internet offer and possibly protected by third parties are subject without restriction to the provisions of the respectively valid trademark law and the ownership rights of the respective registered owners. The mere mention of a trademark does not imply that it is not protected by the rights of third parties! The copyright for published brands and trademarks used by Fassadenschmiede GmbH &amp; Co. KG itself remains solely with Fassadenschmiede GmbH &amp; Co. KG.<\/p>\n<p>Any duplication or use of objects such as diagrams, sounds or texts in other electronic or printed publications is not permitted without the author&#8217;s agreement.[\/vc_column_text][vc_empty_space height=&#8221;50px&#8221;][\/vc_column_inner][\/vc_row_inner][\/vc_tab][vc_tab title=&#8221;Legal validity of this disclaimer&#8221; tab_id=&#8221;1568791440908-3-1&#8243;][vc_row_inner row_type=&#8221;row&#8221; type=&#8221;full_width&#8221; use_row_as_full_screen_section_slide=&#8221;no&#8221; text_align=&#8221;left&#8221; css_animation=&#8221;&#8221;][vc_column_inner][vc_column_text]This disclaimer is to be regarded as part of the internet publication which you were referred from. If sections or individual terms of this statement are not legal or correct, the content or validity of the other parts remain uninfluenced by this fact.[\/vc_column_text][vc_empty_space height=&#8221;50px&#8221;][\/vc_column_inner][\/vc_row_inner][\/vc_tab][\/vc_tabs][\/vc_column][vc_column width=&#8221;1\/12&#8243;][\/vc_column][\/vc_row][vc_row row_type=&#8221;row&#8221; use_row_as_full_screen_section=&#8221;no&#8221; type=&#8221;full_width&#8221; text_align=&#8221;left&#8221; background_animation=&#8221;none&#8221; css_animation=&#8221;&#8221; el_class=&#8221;abstand-mobil&#8221;][vc_column width=&#8221;1\/12&#8243;][\/vc_column][vc_column width=&#8221;10\/12&#8243; offset=&#8221;vc_hidden-lg vc_hidden-md&#8221;][vc_tabs style=&#8221;horizontal&#8221;][vc_tab title=&#8221;Content of the online offer&#8221; tab_id=&#8221;8aa4201a-735d-6&#8243;][vc_row_inner row_type=&#8221;row&#8221; type=&#8221;full_width&#8221; use_row_as_full_screen_section_slide=&#8221;no&#8221; text_align=&#8221;left&#8221; css_animation=&#8221;&#8221;][vc_column_inner][vc_column_text]Fassadenschmiede GmbH &amp; Co. KG \u00fcbernimmt keinerlei Gew\u00e4hr f\u00fcr die Aktualit\u00e4t, Korrektheit, Vollst\u00e4ndigkeit oder Qualit\u00e4t der bereitgestellten Informationen. Haftungsanspr\u00fcche gegen Fassadenschmiede GmbH &amp; Co. KG, welche sich auf Sch\u00e4den materieller oder ideeller Art beziehen, die durch die Nutzung oder Nichtnutzung der dargebotenen Informationen bzw. durch die Nutzung fehlerhafter und unvollst\u00e4ndiger Informationen verursacht wurden, sind grunds\u00e4tzlich ausgeschlossen, sofern seitens Fassadenschmiede GmbH &amp; Co. KG kein nachweislich vors\u00e4tzliches oder grob fahrl\u00e4ssiges Verschulden vorliegt. Alle Angebote sind freibleibend und unverbindlich. Fassadenschmiede GmbH &amp; Co. KG beh\u00e4lt es sich ausdr\u00fccklich vor, Teile der Seiten oder das gesamte Angebot ohne gesonderte Ank\u00fcndigung zu ver\u00e4ndern, zu erg\u00e4nzen, zu l\u00f6schen oder die Ver\u00f6ffentlichung zeitweise oder endg\u00fcltig einzustellen.[\/vc_column_text][vc_empty_space height=&#8221;50px&#8221;][\/vc_column_inner][\/vc_row_inner][\/vc_tab][vc_tab title=&#8221;Verweise und Links&#8221; tab_id=&#8221;9a58411e-9711-10&#8243;][vc_row_inner row_type=&#8221;row&#8221; type=&#8221;full_width&#8221; use_row_as_full_screen_section_slide=&#8221;no&#8221; text_align=&#8221;left&#8221; css_animation=&#8221;&#8221;][vc_column_inner][vc_column_text]Bei direkten oder indirekten Verweisen auf fremde Webseiten (\u201cHyperlinks\u201d), die au\u00dferhalb des Verantwortungsbereiches von Reinhardt GmbH liegen, w\u00fcrde eine Haftungsverpflichtung ausschlie\u00dflich in dem Fall in Kraft treten, in dem Fassadenschmiede GmbH &amp; Co. KG von den Inhalten Kenntnis hat und es ihr technisch m\u00f6glich und zumutbar w\u00e4re, die Nutzung im Falle rechtswidriger Inhalte zu verhindern. Reinhardt GmbH erkl\u00e4rt hiermit ausdr\u00fccklich, dass zum Zeitpunkt der Linksetzung keine illegalen Inhalte auf den zu verlinkenden Seiten erkennbar waren. Auf die aktuelle und zuk\u00fcnftige Gestaltung, die Inhalte oder die Urheberschaft der verlinkten\/verkn\u00fcpften Seiten hat Fassadenschmiede GmbH &amp; Co. KG keinerlei Einfluss. Deshalb distanziert Sie sich hiermit ausdr\u00fccklich von allen Inhalten aller verlinkten \/verkn\u00fcpften Seiten, die nach der Linksetzung ver\u00e4ndert wurden. Diese Feststellung gilt f\u00fcr alle innerhalb des eigenen Internetangebotes gesetzten Links und Verweise sowie f\u00fcr Fremdeintr\u00e4ge in von Fassadenschmiede GmbH &amp; Co. KG eingerichteten G\u00e4steb\u00fcchern, Diskussionsforen, Linkverzeichnissen, Mailinglisten und in allen anderen Formen von Datenbanken, auf deren Inhalt externe Schreibzugriffe m\u00f6glich sind. F\u00fcr illegale, fehlerhafte oder unvollst\u00e4ndige Inhalte und insbesondere f\u00fcr Sch\u00e4den, die aus der Nutzung oder Nichtnutzung solcherart dargebotener Informationen entstehen, haftet allein der Anbieter der Seite, auf welche verwiesen wurde, nicht derjenige, der \u00fcber Links auf die jeweilige Ver\u00f6ffentlichung lediglich verweist.[\/vc_column_text][vc_empty_space height=&#8221;50px&#8221;][\/vc_column_inner][\/vc_row_inner][\/vc_tab][vc_tab title=&#8221;Urheber- und Kennzeichenrecht&#8221; tab_id=&#8221;1568791426560-2-9&#8243;][vc_row_inner row_type=&#8221;row&#8221; type=&#8221;full_width&#8221; use_row_as_full_screen_section_slide=&#8221;no&#8221; text_align=&#8221;left&#8221; css_animation=&#8221;&#8221;][vc_column_inner][vc_column_text]Fassadenschmiede GmbH &amp; Co. KG ist bestrebt, in allen Publikationen die Urheberrechte der verwendeten Bilder, Grafiken, Tondokumente, Videosequenzen und Texte zu beachten, von ihr selbst erstellte Bilder, Grafiken, Tondokumente, Videosequenzen und Texte zu nutzen oder auf lizenzfreie Grafiken, Tondokumente, Videosequenzen und Texte zur\u00fcckzugreifen. Alle innerhalb des Internetangebotes genannten und ggf. durch Dritte gesch\u00fctzten Marken- und Warenzeichen unterliegen uneingeschr\u00e4nkt den Bestimmungen des jeweils g\u00fcltigen Kennzeichenrechts und den Besitzrechten der jeweiligen eingetragenen Eigent\u00fcmer. Allein aufgrund der blo\u00dfen Nennung ist nicht der Schluss zu ziehen, dass Markenzeichen nicht durch Rechte Dritter gesch\u00fctzt sind! Das Copyright f\u00fcr ver\u00f6ffentlichte, von Fassadenschmiede GmbH &amp; Co. KG selbst erstellte Objekte bleibt allein bei Reinhardt GmbH. Eine Vervielf\u00e4ltigung oder Verwendung solcher Grafiken, Tondokumente, Videosequenzen und Texte in anderen elektronischen oder gedruckten Publikationen ist ohne ausdr\u00fcckliche Zustimmung von Fassadenschmiede GmbH &amp; Co. KG nicht gestattet.[\/vc_column_text][vc_empty_space height=&#8221;50px&#8221;][\/vc_column_inner][\/vc_row_inner][\/vc_tab][vc_tab title=&#8221;Rechtswirksamkeit dieses Haftungsausschlusses&#8221; tab_id=&#8221;1568791440908-3-1&#8243;][vc_row_inner row_type=&#8221;row&#8221; type=&#8221;full_width&#8221; use_row_as_full_screen_section_slide=&#8221;no&#8221; text_align=&#8221;left&#8221; css_animation=&#8221;&#8221;][vc_column_inner][vc_column_text]Dieser Haftungsausschluss ist als Teil des Internetangebotes zu betrachten, von dem aus auf diese Seite verwiesen wurde. Sofern Teile oder einzelne Formulierungen dieses Textes der geltenden Rechtslage nicht, nicht mehr oder nicht vollst\u00e4ndig entsprechen sollten, bleiben die \u00fcbrigen Teile des Dokumentes in ihrem Inhalt und ihrer G\u00fcltigkeit davon unber\u00fchrt.[\/vc_column_text][vc_empty_space height=&#8221;50px&#8221;][\/vc_column_inner][\/vc_row_inner][\/vc_tab][\/vc_tabs][\/vc_column][vc_column width=&#8221;1\/12&#8243;][\/vc_column][\/vc_row][vc_row row_type=&#8221;row&#8221; use_row_as_full_screen_section=&#8221;no&#8221; type=&#8221;full_width&#8221; text_align=&#8221;left&#8221; background_animation=&#8221;none&#8221; css_animation=&#8221;&#8221;][vc_column][vc_empty_space height=&#8221;80px&#8221;][\/vc_column][\/vc_row]<\/p>\n","protected":false},"excerpt":{"rendered":"<p>[vc_row row_type=&#8221;row&#8221; use_row_as_full_screen_section=&#8221;no&#8221; type=&#8221;full_width&#8221; text_align=&#8221;left&#8221; background_animation=&#8221;none&#8221; css_animation=&#8221;&#8221; el_class=&#8221;abstand-mobil&#8221;][vc_column][vc_empty_space height=&#8221;80px&#8221;][vc_row_inner row_type=&#8221;row&#8221; type=&#8221;full_width&#8221; use_row_as_full_screen_section_slide=&#8221;no&#8221; text_align=&#8221;left&#8221; css_animation=&#8221;&#8221;][vc_column_inner width=&#8221;1\/12&#8243;][\/vc_column_inner][vc_column_inner width=&#8221;1\/4&#8243;][vc_column_text] Imprint [\/vc_column_text][vc_empty_space][\/vc_column_inner][vc_column_inner width=&#8221;1\/4&#8243;][vc_column_text]Fassadenschmiede GmbH &amp; Co. KG Wilhelm-Hauff-Str. 42 D-74906 Bad Rappenau-F\u00fcrfeld[\/vc_column_text][vc_empty_space][vc_column_text]Phone: +49 7066\/91504-250 Telefax: +49 7066\/91504-290 E-Mail:\u00a0info@fassadenschmiede.com[\/vc_column_text][vc_empty_space][\/vc_column_inner][vc_column_inner width=&#8221;1\/4&#8243;][vc_column_text]Managing directors authorized to represent: Volker Reinhardt, Simon Reinhardt[\/vc_column_text][vc_empty_space][vc_column_text]Register Court: District&#8230;<\/p>\n","protected":false},"author":2,"featured_media":0,"parent":0,"menu_order":0,"comment_status":"closed","ping_status":"closed","template":"full_width.php","meta":{"footnotes":""},"class_list":["post-561","page","type-page","status-publish","hentry"],"_links":{"self":[{"href":"https:\/\/fassadenschmiede.com\/en\/wp-json\/wp\/v2\/pages\/561","targetHints":{"allow":["GET"]}}],"collection":[{"href":"https:\/\/fassadenschmiede.com\/en\/wp-json\/wp\/v2\/pages"}],"about":[{"href":"https:\/\/fassadenschmiede.com\/en\/wp-json\/wp\/v2\/types\/page"}],"author":[{"embeddable":true,"href":"https:\/\/fassadenschmiede.com\/en\/wp-json\/wp\/v2\/users\/2"}],"replies":[{"embeddable":true,"href":"https:\/\/fassadenschmiede.com\/en\/wp-json\/wp\/v2\/comments?post=561"}],"version-history":[{"count":4,"href":"https:\/\/fassadenschmiede.com\/en\/wp-json\/wp\/v2\/pages\/561\/revisions"}],"predecessor-version":[{"id":594,"href":"https:\/\/fassadenschmiede.com\/en\/wp-json\/wp\/v2\/pages\/561\/revisions\/594"}],"wp:attachment":[{"href":"https:\/\/fassadenschmiede.com\/en\/wp-json\/wp\/v2\/media?parent=561"}],"curies":[{"name":"wp","href":"https:\/\/api.w.org\/{rel}","templated":true}]}}